{"id":196,"date":"2025-07-31T20:08:04","date_gmt":"2025-07-31T20:08:04","guid":{"rendered":"https:\/\/coloquiogeocritica2026.mora.edu.mx\/?page_id=196"},"modified":"2025-08-11T16:52:17","modified_gmt":"2025-08-11T16:52:17","slug":"director-fundador","status":"publish","type":"page","link":"https:\/\/coloquiogeocritica2026.mora.edu.mx\/?page_id=196","title":{"rendered":"Director Fundador"},"content":{"rendered":"\n<div class=\"wp-block-columns is-layout-flex wp-container-core-columns-is-layout-9d6595d7 wp-block-columns-is-layout-flex\">\n<div class=\"wp-block-column is-layout-flow wp-block-column-is-layout-flow\" style=\"flex-basis:100%\">\n<div class=\"wp-block-columns is-layout-flex wp-container-core-columns-is-layout-9d6595d7 wp-block-columns-is-layout-flex\">\n<div class=\"wp-block-column is-vertically-aligned-center is-layout-flow wp-block-column-is-layout-flow\">\n<figure class=\"wp-block-image size-full\"><img loading=\"lazy\" decoding=\"async\" width=\"657\" height=\"467\" src=\"https:\/\/coloquiogeocritica2026.mora.edu.mx\/wp-content\/uploads\/2025\/08\/images.jpeg\" alt=\"\" class=\"wp-image-218\" srcset=\"https:\/\/coloquiogeocritica2026.mora.edu.mx\/wp-content\/uploads\/2025\/08\/images.jpeg 657w, https:\/\/coloquiogeocritica2026.mora.edu.mx\/wp-content\/uploads\/2025\/08\/images-300x213.jpeg 300w\" sizes=\"auto, (max-width: 657px) 100vw, 657px\" \/><\/figure>\n<\/div>\n\n\n\n<div class=\"wp-block-column is-layout-flow wp-block-column-is-layout-flow\">\n<p><strong style=\"    font-size: 30px;\">Horacio Capel, Universidad de Barcelona<\/strong><\/p>\n\n\n\n<p>Nacido en M\u00e1laga (Espa\u00f1a) en 1941, se form\u00f3 como ge\u00f3grafo en la Universidad de Murcia bajo la direcci\u00f3n del profesor Joan Vil\u00e0 Valent\u00ed, con quien posteriormente se traslad\u00f3 a la Universidad de Barcelona, donde present\u00f3 su tesis doctoral en 1972. En esta instituci\u00f3n desarroll\u00f3 una destacada trayectoria acad\u00e9mica, ejerciendo como profesor titular, catedr\u00e1tico de Geograf\u00eda Humana y, finalmente, profesor em\u00e9rito.<\/p>\n\n\n\n<p>Su labor acad\u00e9mica se ha extendido a numerosas universidades de Europa y Am\u00e9rica como profesor e investigador invitado. Asimismo, ha sido reconocido con el t\u00edtulo de Doctor Honoris Causa por cinco prestigiosas instituciones: la Universidad Nacional de San Juan (Argentina, 1999), la Universidad Nacional de Cuyo (Mendoza, Argentina, 2002), la Universidad de Buenos Aires (2010), la Universidad de Le\u00f3n (2018) y la Universidad de Lleida (2019). A lo largo de su carrera, ha dirigido m\u00e1s de setenta tesis doctorales, adem\u00e1s de un gran n\u00famero de tesis de licenciatura y memorias de investigaci\u00f3n.<\/p>\n<\/div>\n<\/div>\n<\/div>\n<\/div>\n\n\n\n<p>Su producci\u00f3n acad\u00e9mica, iniciada en 1964, abarca varios centenares de publicaciones en revistas cient\u00edficas de una docena de pa\u00edses. Sus trabajos han sido difundidos, tanto en su versi\u00f3n original como en traducci\u00f3n, en castellano, portugu\u00e9s, ingl\u00e9s, catal\u00e1n, italiano, franc\u00e9s y alem\u00e1n.<\/p>\n\n\n\n<p><strong style=\"font-size: 25px;\">L\u00edneas de investigaci\u00f3n y obras destacadas<\/strong><\/p>\n\n\n\n<ul class=\"wp-block-list\">\n<li><strong>Hasta mediados de los a\u00f1os setenta<\/strong>, centr\u00f3 sus investigaciones en <strong>geograf\u00eda urbana<\/strong> (morfolog\u00eda y sistemas urbanos) y en la <strong>percepci\u00f3n del espacio<\/strong>. Entre sus obras m\u00e1s relevantes de este per\u00edodo figuran:<ul><li><em>Estudios sobre el sistema urbano<\/em> (1974 y 1982).<\/li><\/ul>\n<ul class=\"wp-block-list\">\n<li><em>Capitalismo y morfolog\u00eda urbana en Espa\u00f1a<\/em> (1975, con cuatro ediciones sucesivas; nueva edici\u00f3n ampliada en 1991).<\/li>\n<\/ul>\n<\/li>\n\n\n\n<li><strong>A partir de mediados de los setenta<\/strong>, orient\u00f3 su trabajo hacia la <strong>teor\u00eda e historia de la geograf\u00eda y de la ciencia<\/strong>, destacando obras como:<ul><li><em>Filosof\u00eda y ciencia en la geograf\u00eda contempor\u00e1nea<\/em> (1981 y 1983; ed.&nbsp;italiana 1981; ed.&nbsp;brasile\u00f1a, vol.&nbsp;I, 2004; nueva ed.&nbsp;ampliada 2012).<\/li><\/ul><ul><li><em>La F\u00edsica Sagrada. Creencias religiosas y teor\u00edas cient\u00edficas en los or\u00edgenes de la geomorfolog\u00eda espa\u00f1ola<\/em> (1985).<\/li><\/ul><ul><li><em>De Palas a Minerva. La formaci\u00f3n cient\u00edfica y la estructura institucional de los ingenieros militares en el siglo XVIII<\/em> (en colaboraci\u00f3n, 1988).<\/li><\/ul>\n<ul class=\"wp-block-list\">\n<li><em>O nascimento da ci\u00eancia moderna e a Am\u00e9rica<\/em> (1999).<\/li>\n<\/ul>\n<\/li>\n\n\n\n<li><strong>Desde finales de los ochenta<\/strong>, abord\u00f3 temas relacionados con la <strong>innovaci\u00f3n t\u00e9cnica y el medio local<\/strong>. A partir del a\u00f1o 2000, retom\u00f3 el estudio de cuestiones urbanas y t\u00e9cnicas, publicando obras ampliamente difundidas como:<ul><li><em>Dibujar el mundo. Borges y la geograf\u00eda del siglo XXI<\/em> (2001).<\/li><\/ul><ul><li><em>La morfolog\u00eda de las ciudades. Sociedad, cultura y espacio urbano<\/em> (3 vols., 2002, 2005 y 2013).<\/li><\/ul><ul><li><em>La cosm\u00f3polis y la ciudad<\/em> (2003).<\/li><\/ul><ul><li><em>Los ferro-carriles en la ciudad. Redes t\u00e9cnicas y configuraci\u00f3n del espacio urbano<\/em> (2011).<\/li><\/ul>\n<ul class=\"wp-block-list\">\n<li><em>El patrimonio: la construcci\u00f3n del pasado y del futuro<\/em> (2014).<\/li>\n<\/ul>\n<\/li>\n<\/ul>\n\n\n\n<p><strong style=\"font-size: 25px;\">Direcci\u00f3n de revistas y proyectos acad\u00e9micos<\/strong><\/p>\n\n\n\n<p>Dirigi\u00f3 la revista <em>Geo Cr\u00edtica. Cuadernos Cr\u00edticos de Geograf\u00eda Humana<\/em>, de la que se publicaron cien n\u00fameros entre 1976 y 1994. Posteriormente, impuls\u00f3 el sitio web Geocr\u00edtica (<a href=\"http:\/\/www.ub.es\/geocrit\/menu.htm\" target=\"_blank\">http:\/\/www.ub.es\/geocrit\/menu.htm<\/a>), alojado en la Universidad de Barcelona, que alberga tres revistas de las que fue director:<\/p>\n\n\n\n<ul class=\"wp-block-list\">\n<li>S<em>cripta Nova. Revista Electr\u00f3nica de Geograf\u00eda y Ciencias Sociales<\/em> (desde 1998). <\/li>\n\n\n\n<li><em>Biblio 3W. Revista Bibliogr\u00e1fica de Geograf\u00eda y Ciencias Sociales <\/em>(desde 1996).<\/li>\n\n\n\n<li><em>Ar@cne. Recursos en Internet para la Geograf\u00eda y las Ciencias Sociales<\/em>.<\/li>\n<\/ul>\n\n\n\n<p><em>Scripta Nova<\/em>, en particular, cuenta con un alto \u00edndice de impacto en la comunidad geogr\u00e1fica y est\u00e1 incluida en las bases de datos del ISI (Social Science Citation Index). Desde octubre de 2013, tambi\u00e9n se publica <em>GeocritiQ. Plataforma Digital Iberoamericana para la Difusi\u00f3n del Trabajo Cient\u00edfico<\/em>.<\/p>\n\n\n\n<p><strong style=\"font-size: 25px;\">Organizaci\u00f3n de eventos acad\u00e9micos<\/strong><\/p>\n\n\n\n<p>Desde 1999, ha organizado los <em>Coloquios Internacionales de Geocr\u00edtica,<\/em> con diecisiete ediciones celebradas hasta la fecha (diez en Barcelona y siete en Am\u00e9rica: Santiago de Chile, Ciudad de M\u00e9xico, Porto Alegre, Buenos Aires, Bogot\u00e1 y R\u00edo de Janeiro). Las comunicaciones presentadas se han publicado mayoritariamente en <em>Scripta Nova<\/em> y en actas espec\u00edficas. <br>Adem\u00e1s, desde 2012 ha promovido los <em>Simposios Internacionales de Historia de la Electrificaci\u00f3n<\/em>, el \u00faltimo de ellos en 2019, centrados en el estudio de la innovaci\u00f3n t\u00e9cnica.<\/p>\n\n\n\n<p><strong style=\"font-size: 25px;\">Premios y reconocimientos<\/strong><\/p>\n\n\n\n<p>Entre los numerosos galardones que ha recibido, destacan:<\/p>\n\n\n\n<ul class=\"wp-block-list\">\n<li><strong>Distinci\u00f3n a la Actividad Investigadora<\/strong>, Generalitat de Catalunya (2003).<\/li>\n\n\n\n<li><strong>Preston James Eminent Latin Americanist Career Award<\/strong>, Conference of Latin American Geographers (2006).<\/li>\n\n\n\n<li><strong>Prix International de G\u00e9ographie Vautrin Lud<\/strong> (2008).<\/li>\n\n\n\n<li><strong>Premio Colombiano de Geograf\u00eda Francisco Jos\u00e9 de Caldas y Medalla de Honor<\/strong>, Asociaci\u00f3n Colombiana de Ge\u00f3grafos (ACOGE, 2012).<\/li>\n\n\n\n<li><strong>Premio Nacional de la Sociedad Geogr\u00e1fica Espa\u00f1ola<\/strong> (2016).<\/li>\n<\/ul>\n\n\n\n<p>Asimismo, es <strong>Miembro Correspondiente de la Academia Mexicana de Ciencias<\/strong> (2013),  de la <strong>Sociedad Mexicana de Geograf\u00eda y Estad\u00edstica<\/strong> (2013) y <strong>Acad\u00e9mico de Honor de la Real Academia de Bellas Artes de Murcia<\/strong> (2018).<\/p>\n\n\n\n<p class=\"has-text-align-right\">Un <em>curriculum<\/em> <em>vitae<\/em> extenso de Horacio Capel puede encontrarse <br> en: <a href=\"https:\/\/www.ub.edu\/geocrit\/capel.htm\" target=\"_blank\">https:\/\/www.ub.edu\/geocrit\/capel.htm<\/a><\/p>\n","protected":false},"excerpt":{"rendered":"<p>Horacio Capel, Universidad de Barcelona Nacido en M\u00e1laga (Espa\u00f1a) en 1941, se form\u00f3 como ge\u00f3grafo en la Universidad de Murcia bajo la direcci\u00f3n del profesor Joan Vil\u00e0 Valent\u00ed, con quien posteriormente se traslad\u00f3 a la Universidad de Barcelona, donde present\u00f3 su tesis doctoral en 1972. En esta instituci\u00f3n desarroll\u00f3 una destacada trayectoria acad\u00e9mica, ejerciendo como&#8230;<\/p>\n","protected":false},"author":1,"featured_media":0,"parent":0,"menu_order":0,"comment_status":"closed","ping_status":"closed","template":"","meta":{"_monsterinsights_skip_tracking":false,"_monsterinsights_sitenote_active":false,"_monsterinsights_sitenote_note":"","_monsterinsights_sitenote_category":0,"_kad_post_transparent":"","_kad_post_title":"","_kad_post_layout":"","_kad_post_sidebar_id":"","_kad_post_content_style":"","_kad_post_vertical_padding":"","_kad_post_feature":"","_kad_post_feature_position":"","_kad_post_header":false,"_kad_post_footer":false,"footnotes":""},"class_list":["post-196","page","type-page","status-publish","hentry"],"_links":{"self":[{"href":"https:\/\/coloquiogeocritica2026.mora.edu.mx\/index.php?rest_route=\/wp\/v2\/pages\/196","targetHints":{"allow":["GET"]}}],"collection":[{"href":"https:\/\/coloquiogeocritica2026.mora.edu.mx\/index.php?rest_route=\/wp\/v2\/pages"}],"about":[{"href":"https:\/\/coloquiogeocritica2026.mora.edu.mx\/index.php?rest_route=\/wp\/v2\/types\/page"}],"author":[{"embeddable":true,"href":"https:\/\/coloquiogeocritica2026.mora.edu.mx\/index.php?rest_route=\/wp\/v2\/users\/1"}],"replies":[{"embeddable":true,"href":"https:\/\/coloquiogeocritica2026.mora.edu.mx\/index.php?rest_route=%2Fwp%2Fv2%2Fcomments&post=196"}],"version-history":[{"count":13,"href":"https:\/\/coloquiogeocritica2026.mora.edu.mx\/index.php?rest_route=\/wp\/v2\/pages\/196\/revisions"}],"predecessor-version":[{"id":291,"href":"https:\/\/coloquiogeocritica2026.mora.edu.mx\/index.php?rest_route=\/wp\/v2\/pages\/196\/revisions\/291"}],"wp:attachment":[{"href":"https:\/\/coloquiogeocritica2026.mora.edu.mx\/index.php?rest_route=%2Fwp%2Fv2%2Fmedia&parent=196"}],"curies":[{"name":"wp","href":"https:\/\/api.w.org\/{rel}","templated":true}]}}