{"id":38,"date":"2025-07-16T19:24:28","date_gmt":"2025-07-16T19:24:28","guid":{"rendered":"https:\/\/coloquiogeocritica2026.mora.edu.mx\/?page_id=38"},"modified":"2025-08-07T16:56:01","modified_gmt":"2025-08-07T16:56:01","slug":"mesas-tematicas-del-coloquio","status":"publish","type":"page","link":"https:\/\/coloquiogeocritica2026.mora.edu.mx\/?page_id=38","title":{"rendered":"Mesas Tem\u00e1ticas"},"content":{"rendered":"\n<ul class=\"wp-block-list\">\n<li>Eclosi\u00f3n de conceptos en la geograf\u00eda humana y las ciencias sociales en el siglo XXI. \u00bfNuevos conceptos para viejas realidades?<\/li>\n\n\n\n<li>La ciudad: evoluci\u00f3n y procesos emergentes<\/li>\n\n\n\n<li>Las ciudades en transici\u00f3n ambiental<\/li>\n\n\n\n<li>Hacia un urbanismo de los cuidados<\/li>\n\n\n\n<li>Nuevos modelos de vivienda y urbanos<\/li>\n\n\n\n<li>Nuevas modalidades de transporte<\/li>\n\n\n\n<li>La geograf\u00eda y la historia en la conformaci\u00f3n de una idea de Estado<\/li>\n\n\n\n<li>Resistencias y defensa del territorio<\/li>\n\n\n\n<li>Un mundo rural en transici\u00f3n<\/li>\n\n\n\n<li>Alimentaci\u00f3n y seguridad alimentaria en un mundo cambiante<\/li>\n\n\n\n<li>Una nueva industria para unos nuevos tiempos<\/li>\n\n\n\n<li>Relaciones cambiantes entre la industria y los territorios<\/li>\n\n\n\n<li>Entre los espacios del trabajo y los del ocio<\/li>\n\n\n\n<li>Energ\u00edas, transiciones energ\u00e9ticas y nuevas formas de organizaci\u00f3n social y territorial<\/li>\n\n\n\n<li>Las pandemias y el regreso de las enfermedades infecciosas<\/li>\n\n\n\n<li>Cat\u00e1strofes naturales, cat\u00e1strofes sociales<\/li>\n\n\n\n<li>Evoluci\u00f3n de los paisajes y del patrimonio<\/li>\n\n\n\n<li>Viejos y nuevos procesos migratorios<\/li>\n\n\n\n<li>Ciencia, tecnolog\u00eda y sociedad<\/li>\n\n\n\n<li>Retos para la educaci\u00f3n: una geograf\u00eda para entender el mundo<\/li>\n\n\n\n<li>Geograf\u00eda, geopol\u00edtica, geotecnolog\u00eda y sus venganzas<\/li>\n\n\n\n<li>El renacer de las utop\u00edas<\/li>\n<\/ul>\n\n\n\n<p>El comit\u00e9 directivo se reserva la posibilidad de introducir cambios en la organizaci\u00f3n de las mesas tem\u00e1ticas.<\/p>\n\n\n\n<p><\/p>\n","protected":false},"excerpt":{"rendered":"<p>El comit\u00e9 directivo se reserva la posibilidad de introducir cambios en la organizaci\u00f3n de las mesas tem\u00e1ticas.<\/p>\n","protected":false},"author":1,"featured_media":0,"parent":0,"menu_order":0,"comment_status":"closed","ping_status":"closed","template":"","meta":{"_monsterinsights_skip_tracking":false,"_monsterinsights_sitenote_active":false,"_monsterinsights_sitenote_note":"","_monsterinsights_sitenote_category":0,"_kad_post_transparent":"","_kad_post_title":"","_kad_post_layout":"","_kad_post_sidebar_id":"","_kad_post_content_style":"","_kad_post_vertical_padding":"","_kad_post_feature":"","_kad_post_feature_position":"","_kad_post_header":false,"_kad_post_footer":false,"footnotes":""},"class_list":["post-38","page","type-page","status-publish","hentry"],"_links":{"self":[{"href":"https:\/\/coloquiogeocritica2026.mora.edu.mx\/index.php?rest_route=\/wp\/v2\/pages\/38","targetHints":{"allow":["GET"]}}],"collection":[{"href":"https:\/\/coloquiogeocritica2026.mora.edu.mx\/index.php?rest_route=\/wp\/v2\/pages"}],"about":[{"href":"https:\/\/coloquiogeocritica2026.mora.edu.mx\/index.php?rest_route=\/wp\/v2\/types\/page"}],"author":[{"embeddable":true,"href":"https:\/\/coloquiogeocritica2026.mora.edu.mx\/index.php?rest_route=\/wp\/v2\/users\/1"}],"replies":[{"embeddable":true,"href":"https:\/\/coloquiogeocritica2026.mora.edu.mx\/index.php?rest_route=%2Fwp%2Fv2%2Fcomments&post=38"}],"version-history":[{"count":10,"href":"https:\/\/coloquiogeocritica2026.mora.edu.mx\/index.php?rest_route=\/wp\/v2\/pages\/38\/revisions"}],"predecessor-version":[{"id":278,"href":"https:\/\/coloquiogeocritica2026.mora.edu.mx\/index.php?rest_route=\/wp\/v2\/pages\/38\/revisions\/278"}],"wp:attachment":[{"href":"https:\/\/coloquiogeocritica2026.mora.edu.mx\/index.php?rest_route=%2Fwp%2Fv2%2Fmedia&parent=38"}],"curies":[{"name":"wp","href":"https:\/\/api.w.org\/{rel}","templated":true}]}}