{"id":40,"date":"2025-07-16T19:25:41","date_gmt":"2025-07-16T19:25:41","guid":{"rendered":"https:\/\/coloquiogeocritica2026.mora.edu.mx\/?page_id=40"},"modified":"2025-08-07T16:55:48","modified_gmt":"2025-08-07T16:55:48","slug":"comite-directivo","status":"publish","type":"page","link":"https:\/\/coloquiogeocritica2026.mora.edu.mx\/?page_id=40","title":{"rendered":"Comit\u00e9 Directivo"},"content":{"rendered":"\n<p>J. Omar Moncada Maya, Universidad Nacional Aut\u00f3noma de M\u00e9xico<\/p>\n\n\n\n<p>Eulalia Ribera Carb\u00f3, Instituto de Investigaciones Dr. Jos\u00e9 Mar\u00eda Luis Mora<\/p>\n\n\n\n<p>Pere Sunyer Mart\u00edn, Universidad Aut\u00f3noma Metropolitana-Iztapalapa<\/p>\n\n\n\n<p><\/p>\n","protected":false},"excerpt":{"rendered":"<p>J. Omar Moncada Maya, Universidad Nacional Aut\u00f3noma de M\u00e9xico Eulalia Ribera Carb\u00f3, Instituto de Investigaciones Dr. Jos\u00e9 Mar\u00eda Luis Mora Pere Sunyer Mart\u00edn, Universidad Aut\u00f3noma Metropolitana-Iztapalapa<\/p>\n","protected":false},"author":1,"featured_media":0,"parent":0,"menu_order":0,"comment_status":"closed","ping_status":"closed","template":"","meta":{"_monsterinsights_skip_tracking":false,"_monsterinsights_sitenote_active":false,"_monsterinsights_sitenote_note":"","_monsterinsights_sitenote_category":0,"_kad_post_transparent":"","_kad_post_title":"","_kad_post_layout":"","_kad_post_sidebar_id":"","_kad_post_content_style":"","_kad_post_vertical_padding":"","_kad_post_feature":"","_kad_post_feature_position":"","_kad_post_header":false,"_kad_post_footer":false,"footnotes":""},"class_list":["post-40","page","type-page","status-publish","hentry"],"_links":{"self":[{"href":"https:\/\/coloquiogeocritica2026.mora.edu.mx\/index.php?rest_route=\/wp\/v2\/pages\/40","targetHints":{"allow":["GET"]}}],"collection":[{"href":"https:\/\/coloquiogeocritica2026.mora.edu.mx\/index.php?rest_route=\/wp\/v2\/pages"}],"about":[{"href":"https:\/\/coloquiogeocritica2026.mora.edu.mx\/index.php?rest_route=\/wp\/v2\/types\/page"}],"author":[{"embeddable":true,"href":"https:\/\/coloquiogeocritica2026.mora.edu.mx\/index.php?rest_route=\/wp\/v2\/users\/1"}],"replies":[{"embeddable":true,"href":"https:\/\/coloquiogeocritica2026.mora.edu.mx\/index.php?rest_route=%2Fwp%2Fv2%2Fcomments&post=40"}],"version-history":[{"count":5,"href":"https:\/\/coloquiogeocritica2026.mora.edu.mx\/index.php?rest_route=\/wp\/v2\/pages\/40\/revisions"}],"predecessor-version":[{"id":277,"href":"https:\/\/coloquiogeocritica2026.mora.edu.mx\/index.php?rest_route=\/wp\/v2\/pages\/40\/revisions\/277"}],"wp:attachment":[{"href":"https:\/\/coloquiogeocritica2026.mora.edu.mx\/index.php?rest_route=%2Fwp%2Fv2%2Fmedia&parent=40"}],"curies":[{"name":"wp","href":"https:\/\/api.w.org\/{rel}","templated":true}]}}