{"id":42,"date":"2025-07-16T19:25:52","date_gmt":"2025-07-16T19:25:52","guid":{"rendered":"https:\/\/coloquiogeocritica2026.mora.edu.mx\/?page_id=42"},"modified":"2025-08-07T16:43:49","modified_gmt":"2025-08-07T16:43:49","slug":"comite-organizador","status":"publish","type":"page","link":"https:\/\/coloquiogeocritica2026.mora.edu.mx\/?page_id=42","title":{"rendered":"Comit\u00e9 Organizador"},"content":{"rendered":"\n<p>Luis Felipe Cabrales, Universidad de Guadalajara<\/p>\n\n\n\n<p>Vicente Casals, Universitat de Barcelona<\/p>\n\n\n\n<p>Floriano Jos\u00e9 Godinho de Oliveira, Universidade do Estado do Rio de Janeiro<\/p>\n\n\n\n<p>Maricarmen Tapia, Universidade da Coru\u00f1a<\/p>\n\n\n\n<p>Irma Escamilla, Universidad Nacional Aut\u00f3noma de M\u00e9xico<\/p>\n\n\n\n<p>\u00c1lvaro L\u00f3pez, Universidad Nacional Aut\u00f3noma de M\u00e9xico<\/p>\n\n\n\n<p>Ilia Alvarado, Universidad Nacional Aut\u00f3noma de M\u00e9xico<\/p>\n\n\n\n<p>Alicia Elena V\u00e1zquez, Instituto de Investigaciones Dr. Jos\u00e9 Mar\u00eda Luis Mora<\/p>\n\n\n\n<p><\/p>\n","protected":false},"excerpt":{"rendered":"<p>Luis Felipe Cabrales, Universidad de Guadalajara Vicente Casals, Universitat de Barcelona Floriano Jos\u00e9 Godinho de Oliveira, Universidade do Estado do Rio de Janeiro Maricarmen Tapia, Universidade da Coru\u00f1a Irma Escamilla, Universidad Nacional Aut\u00f3noma de M\u00e9xico \u00c1lvaro L\u00f3pez, Universidad Nacional Aut\u00f3noma de M\u00e9xico Ilia Alvarado, Universidad Nacional Aut\u00f3noma de M\u00e9xico Alicia Elena V\u00e1zquez, Instituto de Investigaciones&#8230;<\/p>\n","protected":false},"author":1,"featured_media":0,"parent":0,"menu_order":0,"comment_status":"closed","ping_status":"closed","template":"","meta":{"_monsterinsights_skip_tracking":false,"_monsterinsights_sitenote_active":false,"_monsterinsights_sitenote_note":"","_monsterinsights_sitenote_category":0,"_kad_post_transparent":"","_kad_post_title":"","_kad_post_layout":"","_kad_post_sidebar_id":"","_kad_post_content_style":"","_kad_post_vertical_padding":"","_kad_post_feature":"","_kad_post_feature_position":"","_kad_post_header":false,"_kad_post_footer":false,"footnotes":""},"class_list":["post-42","page","type-page","status-publish","hentry"],"_links":{"self":[{"href":"https:\/\/coloquiogeocritica2026.mora.edu.mx\/index.php?rest_route=\/wp\/v2\/pages\/42","targetHints":{"allow":["GET"]}}],"collection":[{"href":"https:\/\/coloquiogeocritica2026.mora.edu.mx\/index.php?rest_route=\/wp\/v2\/pages"}],"about":[{"href":"https:\/\/coloquiogeocritica2026.mora.edu.mx\/index.php?rest_route=\/wp\/v2\/types\/page"}],"author":[{"embeddable":true,"href":"https:\/\/coloquiogeocritica2026.mora.edu.mx\/index.php?rest_route=\/wp\/v2\/users\/1"}],"replies":[{"embeddable":true,"href":"https:\/\/coloquiogeocritica2026.mora.edu.mx\/index.php?rest_route=%2Fwp%2Fv2%2Fcomments&post=42"}],"version-history":[{"count":7,"href":"https:\/\/coloquiogeocritica2026.mora.edu.mx\/index.php?rest_route=\/wp\/v2\/pages\/42\/revisions"}],"predecessor-version":[{"id":267,"href":"https:\/\/coloquiogeocritica2026.mora.edu.mx\/index.php?rest_route=\/wp\/v2\/pages\/42\/revisions\/267"}],"wp:attachment":[{"href":"https:\/\/coloquiogeocritica2026.mora.edu.mx\/index.php?rest_route=%2Fwp%2Fv2%2Fmedia&parent=42"}],"curies":[{"name":"wp","href":"https:\/\/api.w.org\/{rel}","templated":true}]}}