{"id":44,"date":"2025-07-16T19:26:09","date_gmt":"2025-07-16T19:26:09","guid":{"rendered":"https:\/\/coloquiogeocritica2026.mora.edu.mx\/?page_id=44"},"modified":"2025-09-04T20:42:44","modified_gmt":"2025-09-04T20:42:44","slug":"comite-cientifico-asesor","status":"publish","type":"page","link":"https:\/\/coloquiogeocritica2026.mora.edu.mx\/?page_id=44","title":{"rendered":"Comit\u00e9 Cient\u00edfico Asesor"},"content":{"rendered":"\n<p>Ana Fani Alessandri Carlos, Universidad de S\u00e2o Paulo<\/p>\n\n\n\n<p>Mercedes Arroyo, Universitat de Barcelona<\/p>\n\n\n\n<p>N\u00faria Benach, Universitat de Barcelona<\/p>\n\n\n\n<p>Quim Bonastra, Universitat de Lleida<\/p>\n\n\n\n<p>Jer\u00f3nimo Bouza, Universitat de Barcelona<\/p>\n\n\n\n<p>Antonio Buj Buj, Universitat de Barcelona<\/p>\n\n\n\n<p>Eugenio Burriel, Universitat de Valencia<\/p>\n\n\n\n<p>Danivia Calder\u00f3n Mart\u00ednez, Investigador independiente, M\u00e9xico<\/p>\n\n\n\n<p>Gu\u00e9nola Capron, Universidad Aut\u00f3noma Metropolitana-Azcapotzalco, M\u00e9xico<\/p>\n\n\n\n<p>Ana Cardoso de Matos, Universidade de \u00c9vora<\/p>\n\n\n\n<p>Denis Castilho, Universidade Federal de Goi\u00e1s<\/p>\n\n\n\n<p>Marcos Bernardino de Carvalho, Universidade Cat\u00f3lica de S\u00e3o Paulo<\/p>\n\n\n\n<p>Jeffer Chaparro, Universidad Nacional de Colombia<\/p>\n\n\n\n<p>Pablo Cicolella, Universidad de Buenos Aires<\/p>\n\n\n\n<p>Angela Luc\u00eda de Araujo Ferreira, Universidad Federal do Rio Grande do Norte<\/p>\n\n\n\n<p>Alvaro Ferreira, Pontificia Universidade Cat\u00f3lica do Rio de Janeiro<\/p>\n\n\n\n<p>Rodrigo Hidalgo Dattwyler, Pontificia Universidad Cat\u00f3lica de Chile<\/p>\n\n\n\n<p>Carmen Icazuriaga, CIESAS, M\u00e9xico<\/p>\n\n\n\n<p>Leoncio L\u00f3pez Oc\u00f3n, CSIC, Espa\u00f1a<\/p>\n\n\n\n<p>Jos\u00e9 Fernando Madrid Quezada, Investigador independiente, M\u00e9xico<\/p>\n\n\n\n<p>Pedro Fraile, Universitat de Lleida<\/p>\n\n\n\n<p>Jordi Mart\u00ed Henneberg, Universitat de Lleida<\/p>\n\n\n\n<p>Gerardo Mart\u00ednez Delgado, Universidad de Guanajuato<\/p>\n\n\n\n<p>Carmen Minguez, Universidad Complutense de Madrid<\/p>\n\n\n\n<p>Carme Montaner, Institut Cartogr\u00e0fic i Geol\u00f2gic de Catalunya<\/p>\n\n\n\n<p>Ivan Murray Mas, Universitat de les Illes Balears<\/p>\n\n\n\n<p>Francesc Nadal, Universitat de Barcelona<\/p>\n\n\n\n<p>Hindenburgo Pires, Universidade do Estado do Rio de Janeiro<\/p>\n\n\n\n<p>Javier Renter\u00eda Vargas, Universidad de Guadalajara<\/p>\n\n\n\n<p>Wagner Costa Ribeiro, Universidade de S\u00e2o Paulo<\/p>\n\n\n\n<p>Anna Ribera Carb\u00f3, Instituto Nacional de Antropolog\u00eda e Historia, M\u00e9xico<\/p>\n\n\n\n<p>Hugo Romero, Universidad de Chile<\/p>\n\n\n\n<p>Doralice S\u00e1tyro Maia, Universidade Federal da Para\u00edba<\/p>\n\n\n\n<p>Paulo\u00a0Roberto\u00a0Soares, Universidade Federal do Rio Grande\u00a0do Sul<\/p>\n\n\n\n<p>Xos\u00e9 Manuel Souto Gonz\u00e1lez, Universitat de Val\u00e8ncia<\/p>\n\n\n\n<p>Mercedes Tatjer, Universitat de Barcelona<\/p>\n\n\n\n<p>Luis Urteaga, Universitat de Barcelona<\/p>\n\n\n\n<p>Sonia Vidal-Koppmann, Universidad de Buenos Aires<\/p>\n\n\n\n<p>Miriam Zaar, Universitat de Barcelona<\/p>\n\n\n\n<p>Perla Zusman, Universidad de Buenos Aires<\/p>\n\n\n\n<p><\/p>\n","protected":false},"excerpt":{"rendered":"<p>Ana Fani Alessandri Carlos, Universidad de S\u00e2o Paulo Mercedes Arroyo, Universitat de Barcelona N\u00faria Benach, Universitat de Barcelona Quim Bonastra, Universitat de Lleida Jer\u00f3nimo Bouza, Universitat de Barcelona Antonio Buj Buj, Universitat de Barcelona Eugenio Burriel, Universitat de Valencia Danivia Calder\u00f3n Mart\u00ednez, Investigador independiente, M\u00e9xico Gu\u00e9nola Capron, Universidad Aut\u00f3noma Metropolitana-Azcapotzalco, M\u00e9xico Ana Cardoso de Matos,&#8230;<\/p>\n","protected":false},"author":1,"featured_media":0,"parent":0,"menu_order":0,"comment_status":"closed","ping_status":"closed","template":"","meta":{"_monsterinsights_skip_tracking":false,"_monsterinsights_sitenote_active":false,"_monsterinsights_sitenote_note":"","_monsterinsights_sitenote_category":0,"_kad_post_transparent":"","_kad_post_title":"","_kad_post_layout":"","_kad_post_sidebar_id":"","_kad_post_content_style":"","_kad_post_vertical_padding":"","_kad_post_feature":"","_kad_post_feature_position":"","_kad_post_header":false,"_kad_post_footer":false,"footnotes":""},"class_list":["post-44","page","type-page","status-publish","hentry"],"_links":{"self":[{"href":"https:\/\/coloquiogeocritica2026.mora.edu.mx\/index.php?rest_route=\/wp\/v2\/pages\/44","targetHints":{"allow":["GET"]}}],"collection":[{"href":"https:\/\/coloquiogeocritica2026.mora.edu.mx\/index.php?rest_route=\/wp\/v2\/pages"}],"about":[{"href":"https:\/\/coloquiogeocritica2026.mora.edu.mx\/index.php?rest_route=\/wp\/v2\/types\/page"}],"author":[{"embeddable":true,"href":"https:\/\/coloquiogeocritica2026.mora.edu.mx\/index.php?rest_route=\/wp\/v2\/users\/1"}],"replies":[{"embeddable":true,"href":"https:\/\/coloquiogeocritica2026.mora.edu.mx\/index.php?rest_route=%2Fwp%2Fv2%2Fcomments&post=44"}],"version-history":[{"count":12,"href":"https:\/\/coloquiogeocritica2026.mora.edu.mx\/index.php?rest_route=\/wp\/v2\/pages\/44\/revisions"}],"predecessor-version":[{"id":339,"href":"https:\/\/coloquiogeocritica2026.mora.edu.mx\/index.php?rest_route=\/wp\/v2\/pages\/44\/revisions\/339"}],"wp:attachment":[{"href":"https:\/\/coloquiogeocritica2026.mora.edu.mx\/index.php?rest_route=%2Fwp%2Fv2%2Fmedia&parent=44"}],"curies":[{"name":"wp","href":"https:\/\/api.w.org\/{rel}","templated":true}]}}